{"id":44862,"date":"2026-04-17T15:14:26","date_gmt":"2026-04-17T14:14:26","guid":{"rendered":"https:\/\/www.novabell.it\/?page_id=44862"},"modified":"2026-04-17T15:16:04","modified_gmt":"2026-04-17T14:16:04","slug":"alerte-ethiques-2","status":"publish","type":"page","link":"https:\/\/www.novabell.it\/fr\/alerte-ethiques-2\/","title":{"rendered":"Alerte \u00e9thiques"},"content":{"rendered":"\t\t<div data-elementor-type=\"wp-page\" data-elementor-id=\"44862\" class=\"elementor elementor-44862 elementor-44860\" data-elementor-post-type=\"page\">\r\n\t\t\t\t<div class=\"elementor-element elementor-element-527ce471 e-con-full e-flex e-con e-parent\" data-id=\"527ce471\" data-element_type=\"container\" data-settings=\"{&quot;background_background&quot;:&quot;classic&quot;}\">\r\n\t\t\t\t<div class=\"elementor-element elementor-element-b2af4bd elementor-widget elementor-widget-heading\" data-id=\"b2af4bd\" data-element_type=\"widget\" data-widget_type=\"heading.default\">\r\n\t\t\t\t<div class=\"elementor-widget-container\">\r\n\t\t\t\t\t<h1 class=\"elementor-heading-title elementor-size-default\">Alerte \u00e9thiques<\/h1>\t\t\t\t<\/div>\r\n\t\t\t\t<\/div>\r\n\t\t\t\t<\/div>\r\n\t\t<div class=\"elementor-element elementor-element-78090e1b dc-has-condition dc-condition-equal e-flex e-con-boxed e-con e-parent\" data-id=\"78090e1b\" data-element_type=\"container\">\r\n\t\t\t\t\t<div class=\"e-con-inner\">\r\n\t\t<div class=\"elementor-element elementor-element-2e3536be e-con-full e-flex e-con e-child\" data-id=\"2e3536be\" data-element_type=\"container\">\r\n\t\t\t\t<div class=\"elementor-element elementor-element-1b12fddd elementor-widget elementor-widget-text-editor\" data-id=\"1b12fddd\" data-element_type=\"widget\" data-widget_type=\"text-editor.default\">\r\n\t\t\t\t<div class=\"elementor-widget-container\">\r\n\t\t\t\t\t\t\t\t\t<p>\/Alerte \u00e9thiques<\/p>\n\t\t\t\t\t\t\t\t<\/div>\r\n\t\t\t\t<\/div>\r\n\t\t\t\t<\/div>\r\n\t\t<div class=\"elementor-element elementor-element-3ca0ce97 e-con-full e-flex e-con e-child\" data-id=\"3ca0ce97\" data-element_type=\"container\">\r\n\t\t\t\t<div class=\"elementor-element elementor-element-f3420a1 whistleblowing elementor-widget elementor-widget-text-editor\" data-id=\"f3420a1\" data-element_type=\"widget\" data-widget_type=\"text-editor.default\">\r\n\t\t\t\t<div class=\"elementor-widget-container\">\r\n\t\t\t\t\t\t\t\t\t<p class=\"p1\">NovaBell S.p.A. a mis en place un canal de signalement interne conform\u00e9ment au d\u00e9cret l\u00e9gislatif italien 24\/2023 (mettant en \u0153uvre la directive (UE) 1937\/2019).<\/p><p class=\"p2\"><b>Fonctionnement\u00a0:<\/b><\/p><p class=\"p2\">Les signalements peuvent \u00eatre effectu\u00e9s via la plateforme s\u00e9curis\u00e9e accessible \u00e0 l&rsquo;adresse suivante\u00a0:<br \/><a href=\"https:\/\/private.mygovernance.it\/mywhistleblowing\/novabell\/67242\/report\" target=\"_blank\" rel=\"noopener\"><span class=\"s1\">Acc\u00e9der au canal Alerte \u00e9thiques de NovaBell<\/span><\/a><\/p><p class=\"p2\">Ce canal garantit la confidentialit\u00e9 de l&rsquo;auteur du signalement et du contenu de celui-ci.<\/p><p class=\"p2\"><b>Avant de commencer\u00a0:<\/b><\/p><p class=\"p2\">Pour vous assurer que votre signalement rel\u00e8ve bien du champ d&rsquo;application de la r\u00e9glementation et puisse \u00eatre trait\u00e9 via notre plateforme, nous vous invitons \u00e0 lire attentivement les indications contenues dans notre Proc\u00e9dure de signalement \u00e9thique.<\/p><p class=\"p2\"><strong><a href=\"https:\/\/assistenza.mygovernance.it\/portal\/fr\/kb\/articles\/comment-envoyer-un-rapport\" target=\"_blank\" rel=\"noopener\">My Whistleblowing | Centre d\u2019aide \u2013 Tutoriel pour les lanceurs d\u2019alerte<\/a><\/strong><\/p><p class=\"p1\"><strong><a href=\"https:\/\/www.novabell.it\/wp-content\/uploads\/2024\/12\/Novabell-informativa-privacy.pdf\" target=\"_blank\" rel=\"noopener\">T\u00e9l\u00e9charger la NOTE D&rsquo;INFORMATION SUR LA CONFIDENTIALIT\u00c9<\/a><\/strong><\/p><p class=\"p2\"><b>Personnes pouvant utiliser ce canal\u00a0:<\/b><\/p><p class=\"p2\">Il est pr\u00e9cis\u00e9 que le canal ne peut \u00eatre utilis\u00e9 que par les personnes suivantes, express\u00e9ment identifi\u00e9es par le d\u00e9cret l\u00e9gislatif italien n\u00b0 24\/2023\u00a0: salari\u00e9s, collaborateurs, actionnaires, personnes exer\u00e7ant (m\u00eame de mani\u00e8re purement factuelle) des fonctions d&rsquo;administration, de direction, de contr\u00f4le, de surveillance ou de repr\u00e9sentation de la Soci\u00e9t\u00e9 et autres personnes tierces ayant des interactions avec la Soci\u00e9t\u00e9 (y compris les fournisseurs, les consultants, les interm\u00e9diaires, etc.), ainsi que les stagiaires ou les travailleurs \u00e0 l&rsquo;essai, les candidats \u00e0 un emploi et les anciens salari\u00e9s.<\/p>\t\t\t\t\t\t\t\t<\/div>\r\n\t\t\t\t<\/div>\r\n\t\t\t\t<\/div>\r\n\t\t\t\t\t<\/div>\r\n\t\t\t\t<\/div>\r\n\t\t<div class=\"elementor-element elementor-element-30381f73 e-flex e-con-boxed e-con e-parent\" data-id=\"30381f73\" data-element_type=\"container\">\r\n\t\t\t\t\t<div class=\"e-con-inner\">\r\n\t\t\t\t<div class=\"elementor-element elementor-element-333b65ff elementor-widget-divider--view-line elementor-widget elementor-widget-divider\" data-id=\"333b65ff\" data-element_type=\"widget\" data-widget_type=\"divider.default\">\r\n\t\t\t\t<div class=\"elementor-widget-container\">\r\n\t\t\t\t\t\t\t<div class=\"elementor-divider\">\r\n\t\t\t<span class=\"elementor-divider-separator\">\r\n\t\t\t\t\t\t<\/span>\r\n\t\t<\/div>\r\n\t\t\t\t\t\t<\/div>\r\n\t\t\t\t<\/div>\r\n\t\t\t\t\t<\/div>\r\n\t\t\t\t<\/div>\r\n\t\t\t\t<\/div>\r\n\t\t","protected":false},"excerpt":{"rendered":"<p>Alerte \u00e9thiques \/Alerte \u00e9thiques NovaBell S.p.A. a mis en place un canal de signalement interne conform\u00e9ment au d\u00e9cret l\u00e9gislatif italien 24\/2023 (mettant en \u0153uvre la directive (UE) 1937\/2019). Fonctionnement\u00a0: Les signalements peuvent \u00eatre effectu\u00e9s via la plateforme s\u00e9curis\u00e9e accessible \u00e0 l&rsquo;adresse suivante\u00a0:Acc\u00e9der au canal Alerte \u00e9thiques de NovaBell Ce canal garantit la confidentialit\u00e9 de l&rsquo;auteur [&hellip;]<\/p>\n","protected":false},"author":6,"featured_media":0,"parent":0,"menu_order":0,"comment_status":"closed","ping_status":"closed","template":"","meta":{"_acf_changed":false,"footnotes":""},"class_list":["post-44862","page","type-page","status-publish","hentry"],"acf":[],"yoast_head":"<!-- This site is optimized with the Yoast SEO plugin v27.1.1 - https:\/\/yoast.com\/product\/yoast-seo-wordpress\/ -->\n<title>Alerte \u00e9thiques - Novabell<\/title>\n<meta name=\"robots\" content=\"index, follow, max-snippet:-1, max-image-preview:large, max-video-preview:-1\" \/>\n<link rel=\"canonical\" href=\"https:\/\/www.novabell.it\/fr\/alerte-ethiques-2\/\" \/>\n<meta property=\"og:locale\" content=\"fr_FR\" \/>\n<meta property=\"og:type\" content=\"article\" \/>\n<meta property=\"og:title\" content=\"Alerte \u00e9thiques - Novabell\" \/>\n<meta property=\"og:description\" content=\"Alerte \u00e9thiques \/Alerte \u00e9thiques NovaBell S.p.A. a mis en place un canal de signalement interne conform\u00e9ment au d\u00e9cret l\u00e9gislatif italien 24\/2023 (mettant en \u0153uvre la directive (UE) 1937\/2019). Fonctionnement\u00a0: Les signalements peuvent \u00eatre effectu\u00e9s via la plateforme s\u00e9curis\u00e9e accessible \u00e0 l&rsquo;adresse suivante\u00a0:Acc\u00e9der au canal Alerte \u00e9thiques de NovaBell Ce canal garantit la confidentialit\u00e9 de l&rsquo;auteur [&hellip;]\" \/>\n<meta property=\"og:url\" content=\"https:\/\/www.novabell.it\/fr\/alerte-ethiques-2\/\" \/>\n<meta property=\"og:site_name\" content=\"Novabell\" \/>\n<meta property=\"article:modified_time\" content=\"2026-04-17T14:16:04+00:00\" \/>\n<meta name=\"twitter:card\" content=\"summary_large_image\" \/>\n<meta name=\"twitter:label1\" content=\"Dur\u00e9e de lecture estim\u00e9e\" \/>\n\t<meta name=\"twitter:data1\" content=\"2 minutes\" \/>\n<script type=\"application\/ld+json\" class=\"yoast-schema-graph\">{\"@context\":\"https:\/\/schema.org\",\"@graph\":[{\"@type\":\"WebPage\",\"@id\":\"https:\/\/www.novabell.it\/fr\/alerte-ethiques-2\/\",\"url\":\"https:\/\/www.novabell.it\/fr\/alerte-ethiques-2\/\",\"name\":\"Alerte \u00e9thiques - Novabell\",\"isPartOf\":{\"@id\":\"https:\/\/www.novabell.it\/fr\/#website\"},\"datePublished\":\"2026-04-17T14:14:26+00:00\",\"dateModified\":\"2026-04-17T14:16:04+00:00\",\"breadcrumb\":{\"@id\":\"https:\/\/www.novabell.it\/fr\/alerte-ethiques-2\/#breadcrumb\"},\"inLanguage\":\"fr-FR\",\"potentialAction\":[{\"@type\":\"ReadAction\",\"target\":[\"https:\/\/www.novabell.it\/fr\/alerte-ethiques-2\/\"]}]},{\"@type\":\"BreadcrumbList\",\"@id\":\"https:\/\/www.novabell.it\/fr\/alerte-ethiques-2\/#breadcrumb\",\"itemListElement\":[{\"@type\":\"ListItem\",\"position\":1,\"name\":\"Home\",\"item\":\"https:\/\/www.novabell.it\/fr\/\"},{\"@type\":\"ListItem\",\"position\":2,\"name\":\"Alerte \u00e9thiques\"}]},{\"@type\":\"WebSite\",\"@id\":\"https:\/\/www.novabell.it\/fr\/#website\",\"url\":\"https:\/\/www.novabell.it\/fr\/\",\"name\":\"Novabell\",\"description\":\"\",\"potentialAction\":[{\"@type\":\"SearchAction\",\"target\":{\"@type\":\"EntryPoint\",\"urlTemplate\":\"https:\/\/www.novabell.it\/fr\/?s={search_term_string}\"},\"query-input\":{\"@type\":\"PropertyValueSpecification\",\"valueRequired\":true,\"valueName\":\"search_term_string\"}}],\"inLanguage\":\"fr-FR\"}]}<\/script>\n<!-- \/ Yoast SEO plugin. -->","yoast_head_json":{"title":"Alerte \u00e9thiques - Novabell","robots":{"index":"index","follow":"follow","max-snippet":"max-snippet:-1","max-image-preview":"max-image-preview:large","max-video-preview":"max-video-preview:-1"},"canonical":"https:\/\/www.novabell.it\/fr\/alerte-ethiques-2\/","og_locale":"fr_FR","og_type":"article","og_title":"Alerte \u00e9thiques - Novabell","og_description":"Alerte \u00e9thiques \/Alerte \u00e9thiques NovaBell S.p.A. a mis en place un canal de signalement interne conform\u00e9ment au d\u00e9cret l\u00e9gislatif italien 24\/2023 (mettant en \u0153uvre la directive (UE) 1937\/2019). Fonctionnement\u00a0: Les signalements peuvent \u00eatre effectu\u00e9s via la plateforme s\u00e9curis\u00e9e accessible \u00e0 l&rsquo;adresse suivante\u00a0:Acc\u00e9der au canal Alerte \u00e9thiques de NovaBell Ce canal garantit la confidentialit\u00e9 de l&rsquo;auteur [&hellip;]","og_url":"https:\/\/www.novabell.it\/fr\/alerte-ethiques-2\/","og_site_name":"Novabell","article_modified_time":"2026-04-17T14:16:04+00:00","twitter_card":"summary_large_image","twitter_misc":{"Dur\u00e9e de lecture estim\u00e9e":"2 minutes"},"schema":{"@context":"https:\/\/schema.org","@graph":[{"@type":"WebPage","@id":"https:\/\/www.novabell.it\/fr\/alerte-ethiques-2\/","url":"https:\/\/www.novabell.it\/fr\/alerte-ethiques-2\/","name":"Alerte \u00e9thiques - Novabell","isPartOf":{"@id":"https:\/\/www.novabell.it\/fr\/#website"},"datePublished":"2026-04-17T14:14:26+00:00","dateModified":"2026-04-17T14:16:04+00:00","breadcrumb":{"@id":"https:\/\/www.novabell.it\/fr\/alerte-ethiques-2\/#breadcrumb"},"inLanguage":"fr-FR","potentialAction":[{"@type":"ReadAction","target":["https:\/\/www.novabell.it\/fr\/alerte-ethiques-2\/"]}]},{"@type":"BreadcrumbList","@id":"https:\/\/www.novabell.it\/fr\/alerte-ethiques-2\/#breadcrumb","itemListElement":[{"@type":"ListItem","position":1,"name":"Home","item":"https:\/\/www.novabell.it\/fr\/"},{"@type":"ListItem","position":2,"name":"Alerte \u00e9thiques"}]},{"@type":"WebSite","@id":"https:\/\/www.novabell.it\/fr\/#website","url":"https:\/\/www.novabell.it\/fr\/","name":"Novabell","description":"","potentialAction":[{"@type":"SearchAction","target":{"@type":"EntryPoint","urlTemplate":"https:\/\/www.novabell.it\/fr\/?s={search_term_string}"},"query-input":{"@type":"PropertyValueSpecification","valueRequired":true,"valueName":"search_term_string"}}],"inLanguage":"fr-FR"}]}},"_links":{"self":[{"href":"https:\/\/www.novabell.it\/fr\/wp-json\/wp\/v2\/pages\/44862","targetHints":{"allow":["GET"]}}],"collection":[{"href":"https:\/\/www.novabell.it\/fr\/wp-json\/wp\/v2\/pages"}],"about":[{"href":"https:\/\/www.novabell.it\/fr\/wp-json\/wp\/v2\/types\/page"}],"author":[{"embeddable":true,"href":"https:\/\/www.novabell.it\/fr\/wp-json\/wp\/v2\/users\/6"}],"replies":[{"embeddable":true,"href":"https:\/\/www.novabell.it\/fr\/wp-json\/wp\/v2\/comments?post=44862"}],"version-history":[{"count":1,"href":"https:\/\/www.novabell.it\/fr\/wp-json\/wp\/v2\/pages\/44862\/revisions"}],"predecessor-version":[{"id":44866,"href":"https:\/\/www.novabell.it\/fr\/wp-json\/wp\/v2\/pages\/44862\/revisions\/44866"}],"wp:attachment":[{"href":"https:\/\/www.novabell.it\/fr\/wp-json\/wp\/v2\/media?parent=44862"}],"curies":[{"name":"wp","href":"https:\/\/api.w.org\/{rel}","templated":true}]}}