{"id":34172,"date":"2025-03-27T14:00:16","date_gmt":"2025-03-27T13:00:16","guid":{"rendered":"https:\/\/www.novabell.it\/espace-membre"},"modified":"2025-10-28T12:55:08","modified_gmt":"2025-10-28T11:55:08","slug":"espace-membre","status":"publish","type":"page","link":"https:\/\/www.novabell.it\/fr\/espace-membre\/","title":{"rendered":"Espace membre"},"content":{"rendered":"\t\t<div data-elementor-type=\"wp-page\" data-elementor-id=\"34172\" class=\"elementor elementor-34172 elementor-34021\" data-elementor-post-type=\"page\">\r\n\t\t\t\t<div class=\"elementor-element elementor-element-a39b484 dc-has-condition dc-condition-equal e-flex e-con-boxed e-con e-parent\" data-id=\"a39b484\" data-element_type=\"container\">\r\n\t\t\t\t\t<div class=\"e-con-inner\">\r\n\t\t<div class=\"elementor-element elementor-element-a16e098 e-con-full e-flex e-con e-child\" data-id=\"a16e098\" data-element_type=\"container\">\r\n\t\t\t\t<div class=\"elementor-element elementor-element-b15f816 elementor-widget elementor-widget-heading\" data-id=\"b15f816\" data-element_type=\"widget\" data-widget_type=\"heading.default\">\r\n\t\t\t\t<div class=\"elementor-widget-container\">\r\n\t\t\t\t\t<h2 class=\"elementor-heading-title elementor-size-default\">Acc\u00e9der<\/h2>\t\t\t\t<\/div>\r\n\t\t\t\t<\/div>\r\n\t\t\t\t<div class=\"elementor-element elementor-element-e58d07e elementor-widget elementor-widget-text-editor\" data-id=\"e58d07e\" data-element_type=\"widget\" data-widget_type=\"text-editor.default\">\r\n\t\t\t\t<div class=\"elementor-widget-container\">\r\n\t\t\t\t\t\t\t\t\t<p>Si vous \u00eates un client et souhaitez utiliser<br><span style=\"color: var( --e-global-color-text ); font-family: var( --e-global-typography-text-font-family ), Sans-serif; font-size: var( --e-global-typography-text-font-size ); font-weight: var( --e-global-typography-text-font-weight ); text-align: var(--text-align); background-color: var( --e-global-color-74b77a7 );\">les photos de nos mat\u00e9riaux, enregistrez-vous<br><\/span><span style=\"color: var( --e-global-color-text ); font-family: var( --e-global-typography-text-font-family ), Sans-serif; font-size: var( --e-global-typography-text-font-size ); font-weight: var( --e-global-typography-text-font-weight ); text-align: var(--text-align); background-color: var( --e-global-color-74b77a7 );\">et acc\u00e9dez pour t\u00e9l\u00e9charger en haute r\u00e9solution.<\/span><\/p>\t\t\t\t\t\t\t\t<\/div>\r\n\t\t\t\t<\/div>\r\n\t\t\t\t<\/div>\r\n\t\t<div class=\"elementor-element elementor-element-a589bde e-con-full e-flex e-con e-child\" data-id=\"a589bde\" data-element_type=\"container\">\r\n\t\t\t\t<div class=\"elementor-element elementor-element-d08ab32 elementor-widget elementor-widget-shortcode\" data-id=\"d08ab32\" data-element_type=\"widget\" data-widget_type=\"shortcode.default\">\r\n\t\t\t\t<div class=\"elementor-widget-container\">\r\n\t\t\t\t\t\t\t<div class=\"elementor-shortcode\"><div id=\"user-registration\" class=\"user-registration\">\r\n<div class=\"ur-frontend-form login ur-frontend-form--flat \" id=\"ur-frontend-form\">\r\n\t\t<form class=\"user-registration-form user-registration-form-login login\" method=\"post\">\r\n\t\t<div class=\"ur-form-row\">\r\n\t\t\t<div class=\"ur-form-grid\">\r\n\t\t\t\t\t\t\t\t\t\t\t\t<div\r\n\t\t\t\t\tclass=\" user-registration-form-row user-registration-form-row--wide form-row form-row-wide\"\r\n\t\t\t\t\tdata-field=\"username\">\r\n\t\t\t\t\t<label for=\"username\">E-mail <span class=\"required\">*<\/span><\/label>\t\t\t\t\t<span class=\"input-wrapper\">\r\n\t\t\t\t\t\t<input placeholder=\"\" type=\"text\"\r\n\t\t\t\t\t\t\t   class=\"user-registration-Input user-registration-Input--text input-text\" name=\"username\"\r\n\t\t\t\t\t\t\t   id=\"username\"\r\n\t\t\t\t\t\t\t   value=\"\"\r\n\t\t\t\t\t\t\t   style=\"\"\r\n\t\t\t\t\t\t\t   \t\t\t\t\t\t\/>\r\n\t\t\t\t\t\t\t\t\t\t\t\t<\/span>\r\n\t\t\t\t<\/div>\r\n\t\t\t\t\t\t\t\t\t<div\r\n\t\t\t\t\t\tclass=\" user-registration-form-row user-registration-form-row--wide form-row form-row-wide\"\r\n\t\t\t\t\t\tdata-field=\"password\">\r\n\t\t\t\t\t\t<label for=\"password\">Mot de passe <span class=\"required\">*<\/span><\/label>\t\t\t\t\t\t<span class=\"input-wrapper\">\r\n\t\t\t\t\t\t<span class=\"password-input-group\">\r\n\t\t\t\t\t\t<input\r\n\t\t\t\t\t\t\tplaceholder=\"\"\r\n\t\t\t\t\t\t\tclass=\"user-registration-Input user-registration-Input--text input-text\" type=\"password\"\r\n\t\t\t\t\t\t\tname=\"password\" id=\"password\"\r\n\t\t\t\t\t\t\tstyle=\"\"\r\n\t\t\t\t\t\t\t\t\t\t\t\t\t\/>\r\n\r\n\t\t\t\t\t\t\t\t\t\t\t\t\t\t\t\t\t\t\t<\/span>\r\n\t\t\t\t\t<\/div>\r\n\t\t\t\t\t\t\t\t\r\n\t\t\t\t\t\t\t\t<div class=\"form-row\">\r\n\t\t\t\t\t<input type=\"hidden\" id=\"user-registration-login-nonce\" name=\"user-registration-login-nonce\" value=\"d76d896e4e\" \/><input type=\"hidden\" name=\"_wp_http_referer\" value=\"\/fr\/wp-json\/wp\/v2\/pages\/34172\" \/>\t\t\t\t\t\t<div class=\"user-registration-before-login-btn\">\r\n\t\t\t\t\t\t\t\t\t\t\t\t\t\t\t<div class=\"\" data-field=\"remember-me\">\r\n\t\t\t\t\t\t\t\t\t<label\r\n\t\t\t\t\t\t\t\t\t\tclass=\"user-registration-form__label user-registration-form__label-for-checkbox inline\">\r\n\t\t\t\t\t\t\t\t\t\t<input\r\n\t\t\t\t\t\t\t\t\t\t\tclass=\"user-registration-form__input user-registration-form__input-checkbox\"\r\n\t\t\t\t\t\t\t\t\t\t\tname=\"rememberme\" type=\"checkbox\" id=\"rememberme\" value=\"forever\"\r\n\t\t\t\t\t\t\t\t\t\t\t\t\t\t\t\t\t\t\t\t\t\/>\r\n\t\t\t\t\t\t\t\t\t\t<span>Se souvenir de moi<\/span>\r\n\t\t\t\t\t\t\t\t\t<\/label>\r\n\t\t\t\t\t\t\t\t<\/div>\r\n\t\t\t\t\t\t\t\t\t\t\t\t\t\t\t\t\t\t\t\t\t\t\t<div data-field=\"lost-password\"\r\n\t\t\t\t\t\t\t\t\t class=\"user-registration-LostPassword lost_password \">\r\n\t\t\t\t\t\t\t\t\t<label\r\n\t\t\t\t\t\t\t\t\t\tclass=\"user-registration-form__label user-registration-form__label-for-checkbox inline\">\r\n\t\t\t\t\t\t\t\t\t\t<a href=\"https:\/\/www.novabell.it\/password-dimenticata\/\">Mot de passe oubli\u00e9 ?<\/a>\r\n\t\t\t\t\t\t\t\t\t<\/label>\r\n\t\t\t\t\t\t\t\t<\/div>\r\n\t\t\t\t\t\t\t\t\t\t\t\t\t\t<\/div>\r\n\t\t\t\t\t\t\t\t\t\t<\/div>\r\n\t\t\t\t<div data-field=\"login-button\" class=\"\">\r\n\t\t\t\t\t\t\t\t\t\t\t\t\t\t\t\t<button type=\"submit\"\r\n\t\t\t\t\t\t\t\tclass=\"user-registration-Button button ur-submit-button \"\r\n\t\t\t\t\t\t\t\tid=\"user_registration_ajax_login_submit\" name=\"login\"\r\n\t\t\t\t\t\t\t\tvalue=\"Acc\u00e9der\">Acc\u00e9der\t\t\t\t\t\t\t<span><\/span><\/button>\r\n\t\t\t\t\t\t\t\t\t<\/div>\r\n\t\t\t\t<input type=\"hidden\" name=\"redirect\"\r\n\t\t\t\t\t   value=\"\"\/>\r\n\r\n\t\t\t\t\t\t\t\t\t\t\t<\/div>\r\n\t\t<\/div>\r\n\t<\/form>\r\n<\/div>\r\n\r\n<\/div><\/div>\r\n\t\t\t\t\t\t<\/div>\r\n\t\t\t\t<\/div>\r\n\t\t\t\t<div class=\"elementor-element elementor-element-a0ee87a elementor-widget elementor-widget-heading\" data-id=\"a0ee87a\" data-element_type=\"widget\" data-widget_type=\"heading.default\">\r\n\t\t\t\t<div class=\"elementor-widget-container\">\r\n\t\t\t\t\t<div class=\"elementor-heading-title elementor-size-default\"><a href=\"https:\/\/www.novabell.it\/registrazione\/\">Pas encore membre ? Inscrivez-vous maintenant <\/a><\/div>\t\t\t\t<\/div>\r\n\t\t\t\t<\/div>\r\n\t\t\t\t<\/div>\r\n\t\t\t\t\t<\/div>\r\n\t\t\t\t<\/div>\r\n\t\t<!-- hidden container 34172-9ceab6c -->\t\t<\/div>\r\n\t\t","protected":false},"excerpt":{"rendered":"<p>Acc\u00e9der Si vous \u00eates un client et souhaitez utiliserles photos de nos mat\u00e9riaux, enregistrez-vouset acc\u00e9dez pour t\u00e9l\u00e9charger en haute r\u00e9solution. Pas encore membre ? Inscrivez-vous maintenant Espace membre Aucune des collections que vous avez demand\u00e9es n&rsquo;a encore \u00e9t\u00e9 autoris\u00e9e Demander de nouvelles collections S\u00e9lectionner une collection<\/p>\n","protected":false},"author":1,"featured_media":0,"parent":0,"menu_order":0,"comment_status":"closed","ping_status":"closed","template":"","meta":{"_acf_changed":false,"footnotes":""},"class_list":["post-34172","page","type-page","status-publish","hentry"],"acf":[],"yoast_head":"<!-- This site is optimized with the Yoast SEO plugin v27.1.1 - https:\/\/yoast.com\/product\/yoast-seo-wordpress\/ -->\n<title>Espace membre - Novabell<\/title>\n<meta name=\"robots\" content=\"index, follow, max-snippet:-1, max-image-preview:large, max-video-preview:-1\" \/>\n<link rel=\"canonical\" href=\"https:\/\/www.novabell.it\/fr\/espace-membre\/\" \/>\n<meta property=\"og:locale\" content=\"fr_FR\" \/>\n<meta property=\"og:type\" content=\"article\" \/>\n<meta property=\"og:title\" content=\"Espace membre - Novabell\" \/>\n<meta property=\"og:description\" content=\"Acc\u00e9der Si vous \u00eates un client et souhaitez utiliserles photos de nos mat\u00e9riaux, enregistrez-vouset acc\u00e9dez pour t\u00e9l\u00e9charger en haute r\u00e9solution. Pas encore membre ? Inscrivez-vous maintenant Espace membre Aucune des collections que vous avez demand\u00e9es n&rsquo;a encore \u00e9t\u00e9 autoris\u00e9e Demander de nouvelles collections S\u00e9lectionner une collection\" \/>\n<meta property=\"og:url\" content=\"https:\/\/www.novabell.it\/fr\/espace-membre\/\" \/>\n<meta property=\"og:site_name\" content=\"Novabell\" \/>\n<meta property=\"article:modified_time\" content=\"2025-10-28T11:55:08+00:00\" \/>\n<meta name=\"twitter:card\" content=\"summary_large_image\" \/>\n<script type=\"application\/ld+json\" class=\"yoast-schema-graph\">{\"@context\":\"https:\/\/schema.org\",\"@graph\":[{\"@type\":\"WebPage\",\"@id\":\"https:\/\/www.novabell.it\/fr\/espace-membre\/\",\"url\":\"https:\/\/www.novabell.it\/fr\/espace-membre\/\",\"name\":\"Espace membre - Novabell\",\"isPartOf\":{\"@id\":\"https:\/\/www.novabell.it\/fr\/#website\"},\"datePublished\":\"2025-03-27T13:00:16+00:00\",\"dateModified\":\"2025-10-28T11:55:08+00:00\",\"breadcrumb\":{\"@id\":\"https:\/\/www.novabell.it\/fr\/espace-membre\/#breadcrumb\"},\"inLanguage\":\"fr-FR\",\"potentialAction\":[{\"@type\":\"ReadAction\",\"target\":[\"https:\/\/www.novabell.it\/fr\/espace-membre\/\"]}]},{\"@type\":\"BreadcrumbList\",\"@id\":\"https:\/\/www.novabell.it\/fr\/espace-membre\/#breadcrumb\",\"itemListElement\":[{\"@type\":\"ListItem\",\"position\":1,\"name\":\"Home\",\"item\":\"https:\/\/www.novabell.it\/fr\/\"},{\"@type\":\"ListItem\",\"position\":2,\"name\":\"Espace membre\"}]},{\"@type\":\"WebSite\",\"@id\":\"https:\/\/www.novabell.it\/fr\/#website\",\"url\":\"https:\/\/www.novabell.it\/fr\/\",\"name\":\"Novabell\",\"description\":\"\",\"potentialAction\":[{\"@type\":\"SearchAction\",\"target\":{\"@type\":\"EntryPoint\",\"urlTemplate\":\"https:\/\/www.novabell.it\/fr\/?s={search_term_string}\"},\"query-input\":{\"@type\":\"PropertyValueSpecification\",\"valueRequired\":true,\"valueName\":\"search_term_string\"}}],\"inLanguage\":\"fr-FR\"}]}<\/script>\n<!-- \/ Yoast SEO plugin. -->","yoast_head_json":{"title":"Espace membre - Novabell","robots":{"index":"index","follow":"follow","max-snippet":"max-snippet:-1","max-image-preview":"max-image-preview:large","max-video-preview":"max-video-preview:-1"},"canonical":"https:\/\/www.novabell.it\/fr\/espace-membre\/","og_locale":"fr_FR","og_type":"article","og_title":"Espace membre - Novabell","og_description":"Acc\u00e9der Si vous \u00eates un client et souhaitez utiliserles photos de nos mat\u00e9riaux, enregistrez-vouset acc\u00e9dez pour t\u00e9l\u00e9charger en haute r\u00e9solution. Pas encore membre ? Inscrivez-vous maintenant Espace membre Aucune des collections que vous avez demand\u00e9es n&rsquo;a encore \u00e9t\u00e9 autoris\u00e9e Demander de nouvelles collections S\u00e9lectionner une collection","og_url":"https:\/\/www.novabell.it\/fr\/espace-membre\/","og_site_name":"Novabell","article_modified_time":"2025-10-28T11:55:08+00:00","twitter_card":"summary_large_image","schema":{"@context":"https:\/\/schema.org","@graph":[{"@type":"WebPage","@id":"https:\/\/www.novabell.it\/fr\/espace-membre\/","url":"https:\/\/www.novabell.it\/fr\/espace-membre\/","name":"Espace membre - Novabell","isPartOf":{"@id":"https:\/\/www.novabell.it\/fr\/#website"},"datePublished":"2025-03-27T13:00:16+00:00","dateModified":"2025-10-28T11:55:08+00:00","breadcrumb":{"@id":"https:\/\/www.novabell.it\/fr\/espace-membre\/#breadcrumb"},"inLanguage":"fr-FR","potentialAction":[{"@type":"ReadAction","target":["https:\/\/www.novabell.it\/fr\/espace-membre\/"]}]},{"@type":"BreadcrumbList","@id":"https:\/\/www.novabell.it\/fr\/espace-membre\/#breadcrumb","itemListElement":[{"@type":"ListItem","position":1,"name":"Home","item":"https:\/\/www.novabell.it\/fr\/"},{"@type":"ListItem","position":2,"name":"Espace membre"}]},{"@type":"WebSite","@id":"https:\/\/www.novabell.it\/fr\/#website","url":"https:\/\/www.novabell.it\/fr\/","name":"Novabell","description":"","potentialAction":[{"@type":"SearchAction","target":{"@type":"EntryPoint","urlTemplate":"https:\/\/www.novabell.it\/fr\/?s={search_term_string}"},"query-input":{"@type":"PropertyValueSpecification","valueRequired":true,"valueName":"search_term_string"}}],"inLanguage":"fr-FR"}]}},"_links":{"self":[{"href":"https:\/\/www.novabell.it\/fr\/wp-json\/wp\/v2\/pages\/34172","targetHints":{"allow":["GET"]}}],"collection":[{"href":"https:\/\/www.novabell.it\/fr\/wp-json\/wp\/v2\/pages"}],"about":[{"href":"https:\/\/www.novabell.it\/fr\/wp-json\/wp\/v2\/types\/page"}],"author":[{"embeddable":true,"href":"https:\/\/www.novabell.it\/fr\/wp-json\/wp\/v2\/users\/1"}],"replies":[{"embeddable":true,"href":"https:\/\/www.novabell.it\/fr\/wp-json\/wp\/v2\/comments?post=34172"}],"version-history":[{"count":2,"href":"https:\/\/www.novabell.it\/fr\/wp-json\/wp\/v2\/pages\/34172\/revisions"}],"predecessor-version":[{"id":39173,"href":"https:\/\/www.novabell.it\/fr\/wp-json\/wp\/v2\/pages\/34172\/revisions\/39173"}],"wp:attachment":[{"href":"https:\/\/www.novabell.it\/fr\/wp-json\/wp\/v2\/media?parent=34172"}],"curies":[{"name":"wp","href":"https:\/\/api.w.org\/{rel}","templated":true}]}}