{"id":44863,"date":"2026-04-17T15:14:26","date_gmt":"2026-04-17T14:14:26","guid":{"rendered":"https:\/\/www.novabell.it\/?page_id=44863"},"modified":"2026-04-17T15:16:04","modified_gmt":"2026-04-17T14:16:04","slug":"whistleblowing-2","status":"publish","type":"page","link":"https:\/\/www.novabell.it\/de\/whistleblowing-2\/","title":{"rendered":"Whistleblowing"},"content":{"rendered":"\t\t<div data-elementor-type=\"wp-page\" data-elementor-id=\"44863\" class=\"elementor elementor-44863 elementor-44860\" data-elementor-post-type=\"page\">\r\n\t\t\t\t<div class=\"elementor-element elementor-element-527ce471 e-con-full e-flex e-con e-parent\" data-id=\"527ce471\" data-element_type=\"container\" data-settings=\"{&quot;background_background&quot;:&quot;classic&quot;}\">\r\n\t\t\t\t<div class=\"elementor-element elementor-element-b2af4bd elementor-widget elementor-widget-heading\" data-id=\"b2af4bd\" data-element_type=\"widget\" data-widget_type=\"heading.default\">\r\n\t\t\t\t<div class=\"elementor-widget-container\">\r\n\t\t\t\t\t<h1 class=\"elementor-heading-title elementor-size-default\">Whistleblowing<\/h1>\t\t\t\t<\/div>\r\n\t\t\t\t<\/div>\r\n\t\t\t\t<\/div>\r\n\t\t<div class=\"elementor-element elementor-element-78090e1b dc-has-condition dc-condition-equal e-flex e-con-boxed e-con e-parent\" data-id=\"78090e1b\" data-element_type=\"container\">\r\n\t\t\t\t\t<div class=\"e-con-inner\">\r\n\t\t<div class=\"elementor-element elementor-element-2e3536be e-con-full e-flex e-con e-child\" data-id=\"2e3536be\" data-element_type=\"container\">\r\n\t\t\t\t<div class=\"elementor-element elementor-element-1b12fddd elementor-widget elementor-widget-text-editor\" data-id=\"1b12fddd\" data-element_type=\"widget\" data-widget_type=\"text-editor.default\">\r\n\t\t\t\t<div class=\"elementor-widget-container\">\r\n\t\t\t\t\t\t\t\t\t<p>\/Whistleblowing-Kanal<\/p>\n\t\t\t\t\t\t\t\t<\/div>\r\n\t\t\t\t<\/div>\r\n\t\t\t\t<\/div>\r\n\t\t<div class=\"elementor-element elementor-element-3ca0ce97 e-con-full e-flex e-con e-child\" data-id=\"3ca0ce97\" data-element_type=\"container\">\r\n\t\t\t\t<div class=\"elementor-element elementor-element-f3420a1 whistleblowing elementor-widget elementor-widget-text-editor\" data-id=\"f3420a1\" data-element_type=\"widget\" data-widget_type=\"text-editor.default\">\r\n\t\t\t\t<div class=\"elementor-widget-container\">\r\n\t\t\t\t\t\t\t\t\t<p class=\"p1\">NovaBell S.p.A. hat einen internen Kanal f\u00fcr Nachrichten und Meldungen nach den Vorgaben des it. Gesetzesdekrets Nr. 24\/2023 (zur Umsetzung der EU-Richtlinie 1937\/2019) eingerichtet.<\/p><p class=\"p2\"><b>Funktionsweise:<\/b><\/p><p class=\"p2\">Die Nachrichten bzw. Meldungen k\u00f6nnen auf einer sicheren Plattform erstellt werden, die \u00fcber folgenden Link verf\u00fcgbar ist:<br \/><a href=\"https:\/\/private.mygovernance.it\/mywhistleblowing\/novabell\/67242\/report\" target=\"_blank\" rel=\"noopener\"><span class=\"s1\">Zugriff auf Whistleblowing-Kanal von NovaBell<\/span><\/a><\/p><p class=\"p2\">Dieser Kanal garantiert Vertraulichkeit sowohl f\u00fcr die Person, die die Nachricht oder Meldung erstellt, als auch f\u00fcr den Inhalt der Nachricht oder Meldung.<\/p><p class=\"p2\"><b>Bevor man beginnt:<\/b><\/p><p class=\"p2\">Um sicherzustellen, dass Ihre Nachricht oder Meldung die Vorgaben der Norm erf\u00fcllt und \u00fcber unsere Plattform verwaltet werden kann, bitten wir Sie, die in unserem Whistleblowing-Verfahren enthaltenen Hinweise sorgf\u00e4ltig durchzulesen.<\/p><p class=\"p2\"><strong><a href=\"https:\/\/assistenza.mygovernance.it\/portal\/de\/kb\/articles\/so-senden-sie-einen-bericht\" target=\"_blank\" rel=\"noopener\">My Whistleblowing | Hilfe-Center \u2013 Tutorial f\u00fcr Hinweisgeber<\/a><\/strong><\/p><p class=\"p1\"><strong><a href=\"https:\/\/www.novabell.it\/wp-content\/uploads\/2024\/12\/Novabell-informativa-privacy.pdf\" target=\"_blank\" rel=\"noopener\">DATENSCHUTZERKL\u00c4RUNG HERUNTERLADEN<\/a><\/strong><\/p><p class=\"p2\"><b>Wer diesen Kanal nutzen darf:<\/b><\/p><p class=\"p2\">Es wird darauf hingewiesen, dass der Kanal nur von folgenden Personen verwendet werden darf, die ausdr\u00fccklich durch das it. Gesetzesdekret Nr. 24\/2023 ausgewiesen sind: Angestellte, Mitarbeiter, Aktion\u00e4re, Personen, die (auch bei eigenm\u00e4chtiger Ausf\u00fchrung) Funktionen der Verwaltung, F\u00fchrung, Kontrolle, \u00dcberwachung oder Vertretung der Gesellschaft \u00fcbernehmen und sonstige Dritte, die mit der Gesellschaft interagieren (einschlie\u00dflich Zulieferer, Berater, Vermittler usw.), sowie Praktikanten oder Mitarbeiter in der Probezeit, Bewerber f\u00fcr ein Arbeitsverh\u00e4ltnis und ehemalige Angestellte.<\/p>\t\t\t\t\t\t\t\t<\/div>\r\n\t\t\t\t<\/div>\r\n\t\t\t\t<\/div>\r\n\t\t\t\t\t<\/div>\r\n\t\t\t\t<\/div>\r\n\t\t<div class=\"elementor-element elementor-element-30381f73 e-flex e-con-boxed e-con e-parent\" data-id=\"30381f73\" data-element_type=\"container\">\r\n\t\t\t\t\t<div class=\"e-con-inner\">\r\n\t\t\t\t<div class=\"elementor-element elementor-element-333b65ff elementor-widget-divider--view-line elementor-widget elementor-widget-divider\" data-id=\"333b65ff\" data-element_type=\"widget\" data-widget_type=\"divider.default\">\r\n\t\t\t\t<div class=\"elementor-widget-container\">\r\n\t\t\t\t\t\t\t<div class=\"elementor-divider\">\r\n\t\t\t<span class=\"elementor-divider-separator\">\r\n\t\t\t\t\t\t<\/span>\r\n\t\t<\/div>\r\n\t\t\t\t\t\t<\/div>\r\n\t\t\t\t<\/div>\r\n\t\t\t\t\t<\/div>\r\n\t\t\t\t<\/div>\r\n\t\t\t\t<\/div>\r\n\t\t","protected":false},"excerpt":{"rendered":"<p>Whistleblowing \/Whistleblowing-Kanal NovaBell S.p.A. hat einen internen Kanal f\u00fcr Nachrichten und Meldungen nach den Vorgaben des it. Gesetzesdekrets Nr. 24\/2023 (zur Umsetzung der EU-Richtlinie 1937\/2019) eingerichtet. Funktionsweise: Die Nachrichten bzw. Meldungen k\u00f6nnen auf einer sicheren Plattform erstellt werden, die \u00fcber folgenden Link verf\u00fcgbar ist:Zugriff auf Whistleblowing-Kanal von NovaBell Dieser Kanal garantiert Vertraulichkeit sowohl f\u00fcr die [&hellip;]<\/p>\n","protected":false},"author":6,"featured_media":0,"parent":0,"menu_order":0,"comment_status":"closed","ping_status":"closed","template":"","meta":{"_acf_changed":false,"footnotes":""},"class_list":["post-44863","page","type-page","status-publish","hentry"],"acf":[],"yoast_head":"<!-- This site is optimized with the Yoast SEO plugin v27.1.1 - https:\/\/yoast.com\/product\/yoast-seo-wordpress\/ -->\n<title>Whistleblowing - Novabell<\/title>\n<meta name=\"robots\" content=\"index, follow, max-snippet:-1, max-image-preview:large, max-video-preview:-1\" \/>\n<link rel=\"canonical\" href=\"https:\/\/www.novabell.it\/de\/whistleblowing-2\/\" \/>\n<meta property=\"og:locale\" content=\"de_DE\" \/>\n<meta property=\"og:type\" content=\"article\" \/>\n<meta property=\"og:title\" content=\"Whistleblowing - Novabell\" \/>\n<meta property=\"og:description\" content=\"Whistleblowing \/Whistleblowing-Kanal NovaBell S.p.A. hat einen internen Kanal f\u00fcr Nachrichten und Meldungen nach den Vorgaben des it. Gesetzesdekrets Nr. 24\/2023 (zur Umsetzung der EU-Richtlinie 1937\/2019) eingerichtet. Funktionsweise: Die Nachrichten bzw. Meldungen k\u00f6nnen auf einer sicheren Plattform erstellt werden, die \u00fcber folgenden Link verf\u00fcgbar ist:Zugriff auf Whistleblowing-Kanal von NovaBell Dieser Kanal garantiert Vertraulichkeit sowohl f\u00fcr die [&hellip;]\" \/>\n<meta property=\"og:url\" content=\"https:\/\/www.novabell.it\/de\/whistleblowing-2\/\" \/>\n<meta property=\"og:site_name\" content=\"Novabell\" \/>\n<meta property=\"article:modified_time\" content=\"2026-04-17T14:16:04+00:00\" \/>\n<meta name=\"twitter:card\" content=\"summary_large_image\" \/>\n<meta name=\"twitter:label1\" content=\"Gesch\u00e4tzte Lesezeit\" \/>\n\t<meta name=\"twitter:data1\" content=\"2\u00a0Minuten\" \/>\n<script type=\"application\/ld+json\" class=\"yoast-schema-graph\">{\"@context\":\"https:\/\/schema.org\",\"@graph\":[{\"@type\":\"WebPage\",\"@id\":\"https:\/\/www.novabell.it\/de\/whistleblowing-2\/\",\"url\":\"https:\/\/www.novabell.it\/de\/whistleblowing-2\/\",\"name\":\"Whistleblowing - Novabell\",\"isPartOf\":{\"@id\":\"https:\/\/www.novabell.it\/de\/#website\"},\"datePublished\":\"2026-04-17T14:14:26+00:00\",\"dateModified\":\"2026-04-17T14:16:04+00:00\",\"breadcrumb\":{\"@id\":\"https:\/\/www.novabell.it\/de\/whistleblowing-2\/#breadcrumb\"},\"inLanguage\":\"de\",\"potentialAction\":[{\"@type\":\"ReadAction\",\"target\":[\"https:\/\/www.novabell.it\/de\/whistleblowing-2\/\"]}]},{\"@type\":\"BreadcrumbList\",\"@id\":\"https:\/\/www.novabell.it\/de\/whistleblowing-2\/#breadcrumb\",\"itemListElement\":[{\"@type\":\"ListItem\",\"position\":1,\"name\":\"Home\",\"item\":\"https:\/\/www.novabell.it\/de\/\"},{\"@type\":\"ListItem\",\"position\":2,\"name\":\"Whistleblowing\"}]},{\"@type\":\"WebSite\",\"@id\":\"https:\/\/www.novabell.it\/de\/#website\",\"url\":\"https:\/\/www.novabell.it\/de\/\",\"name\":\"Novabell\",\"description\":\"\",\"potentialAction\":[{\"@type\":\"SearchAction\",\"target\":{\"@type\":\"EntryPoint\",\"urlTemplate\":\"https:\/\/www.novabell.it\/de\/?s={search_term_string}\"},\"query-input\":{\"@type\":\"PropertyValueSpecification\",\"valueRequired\":true,\"valueName\":\"search_term_string\"}}],\"inLanguage\":\"de\"}]}<\/script>\n<!-- \/ Yoast SEO plugin. -->","yoast_head_json":{"title":"Whistleblowing - Novabell","robots":{"index":"index","follow":"follow","max-snippet":"max-snippet:-1","max-image-preview":"max-image-preview:large","max-video-preview":"max-video-preview:-1"},"canonical":"https:\/\/www.novabell.it\/de\/whistleblowing-2\/","og_locale":"de_DE","og_type":"article","og_title":"Whistleblowing - Novabell","og_description":"Whistleblowing \/Whistleblowing-Kanal NovaBell S.p.A. hat einen internen Kanal f\u00fcr Nachrichten und Meldungen nach den Vorgaben des it. Gesetzesdekrets Nr. 24\/2023 (zur Umsetzung der EU-Richtlinie 1937\/2019) eingerichtet. Funktionsweise: Die Nachrichten bzw. Meldungen k\u00f6nnen auf einer sicheren Plattform erstellt werden, die \u00fcber folgenden Link verf\u00fcgbar ist:Zugriff auf Whistleblowing-Kanal von NovaBell Dieser Kanal garantiert Vertraulichkeit sowohl f\u00fcr die [&hellip;]","og_url":"https:\/\/www.novabell.it\/de\/whistleblowing-2\/","og_site_name":"Novabell","article_modified_time":"2026-04-17T14:16:04+00:00","twitter_card":"summary_large_image","twitter_misc":{"Gesch\u00e4tzte Lesezeit":"2\u00a0Minuten"},"schema":{"@context":"https:\/\/schema.org","@graph":[{"@type":"WebPage","@id":"https:\/\/www.novabell.it\/de\/whistleblowing-2\/","url":"https:\/\/www.novabell.it\/de\/whistleblowing-2\/","name":"Whistleblowing - Novabell","isPartOf":{"@id":"https:\/\/www.novabell.it\/de\/#website"},"datePublished":"2026-04-17T14:14:26+00:00","dateModified":"2026-04-17T14:16:04+00:00","breadcrumb":{"@id":"https:\/\/www.novabell.it\/de\/whistleblowing-2\/#breadcrumb"},"inLanguage":"de","potentialAction":[{"@type":"ReadAction","target":["https:\/\/www.novabell.it\/de\/whistleblowing-2\/"]}]},{"@type":"BreadcrumbList","@id":"https:\/\/www.novabell.it\/de\/whistleblowing-2\/#breadcrumb","itemListElement":[{"@type":"ListItem","position":1,"name":"Home","item":"https:\/\/www.novabell.it\/de\/"},{"@type":"ListItem","position":2,"name":"Whistleblowing"}]},{"@type":"WebSite","@id":"https:\/\/www.novabell.it\/de\/#website","url":"https:\/\/www.novabell.it\/de\/","name":"Novabell","description":"","potentialAction":[{"@type":"SearchAction","target":{"@type":"EntryPoint","urlTemplate":"https:\/\/www.novabell.it\/de\/?s={search_term_string}"},"query-input":{"@type":"PropertyValueSpecification","valueRequired":true,"valueName":"search_term_string"}}],"inLanguage":"de"}]}},"_links":{"self":[{"href":"https:\/\/www.novabell.it\/de\/wp-json\/wp\/v2\/pages\/44863","targetHints":{"allow":["GET"]}}],"collection":[{"href":"https:\/\/www.novabell.it\/de\/wp-json\/wp\/v2\/pages"}],"about":[{"href":"https:\/\/www.novabell.it\/de\/wp-json\/wp\/v2\/types\/page"}],"author":[{"embeddable":true,"href":"https:\/\/www.novabell.it\/de\/wp-json\/wp\/v2\/users\/6"}],"replies":[{"embeddable":true,"href":"https:\/\/www.novabell.it\/de\/wp-json\/wp\/v2\/comments?post=44863"}],"version-history":[{"count":1,"href":"https:\/\/www.novabell.it\/de\/wp-json\/wp\/v2\/pages\/44863\/revisions"}],"predecessor-version":[{"id":44867,"href":"https:\/\/www.novabell.it\/de\/wp-json\/wp\/v2\/pages\/44863\/revisions\/44867"}],"wp:attachment":[{"href":"https:\/\/www.novabell.it\/de\/wp-json\/wp\/v2\/media?parent=44863"}],"curies":[{"name":"wp","href":"https:\/\/api.w.org\/{rel}","templated":true}]}}