{"id":26400,"date":"2024-11-20T16:54:09","date_gmt":"2024-11-20T15:54:09","guid":{"rendered":"https:\/\/www.novabell.it\/datenschutz"},"modified":"2025-02-24T10:13:44","modified_gmt":"2025-02-24T09:13:44","slug":"datenschutz","status":"publish","type":"page","link":"https:\/\/www.novabell.it\/de\/datenschutz\/","title":{"rendered":"Datenschutz"},"content":{"rendered":"\t\t<div data-elementor-type=\"wp-page\" data-elementor-id=\"26400\" class=\"elementor elementor-26400 elementor-1419\" data-elementor-post-type=\"page\">\r\n\t\t\t\t<div class=\"elementor-element elementor-element-1fdeabb e-con-full e-flex e-con e-parent\" data-id=\"1fdeabb\" data-element_type=\"container\" data-settings=\"{&quot;background_background&quot;:&quot;classic&quot;}\">\r\n\t\t\t\t<div class=\"elementor-element elementor-element-e3ef75b elementor-widget elementor-widget-heading\" data-id=\"e3ef75b\" data-element_type=\"widget\" data-widget_type=\"heading.default\">\r\n\t\t\t\t<div class=\"elementor-widget-container\">\r\n\t\t\t\t\t<h1 class=\"elementor-heading-title elementor-size-default\">Datenschutz<\/h1>\t\t\t\t<\/div>\r\n\t\t\t\t<\/div>\r\n\t\t\t\t<\/div>\r\n\t\t<div class=\"elementor-element elementor-element-8bb88ce dc-has-condition dc-condition-equal e-flex e-con-boxed e-con e-parent\" data-id=\"8bb88ce\" data-element_type=\"container\">\r\n\t\t\t\t\t<div class=\"e-con-inner\">\r\n\t\t<div class=\"elementor-element elementor-element-d9d1766 e-con-full e-flex e-con e-child\" data-id=\"d9d1766\" data-element_type=\"container\">\r\n\t\t\t\t<div class=\"elementor-element elementor-element-9055d98 elementor-widget elementor-widget-text-editor\" data-id=\"9055d98\" data-element_type=\"widget\" data-widget_type=\"text-editor.default\">\r\n\t\t\t\t<div class=\"elementor-widget-container\">\r\n\t\t\t\t\t\t\t\t\t<p>\/Normen zum Datenschutz<\/p>\n\t\t\t\t\t\t\t\t<\/div>\r\n\t\t\t\t<\/div>\r\n\t\t\t\t<\/div>\r\n\t\t<div class=\"elementor-element elementor-element-15767eb e-con-full e-flex e-con e-child\" data-id=\"15767eb\" data-element_type=\"container\">\r\n\t\t\t\t<div class=\"elementor-element elementor-element-315fe20 elementor-align-left elementor-icon-list--layout-traditional elementor-list-item-link-full_width elementor-widget elementor-widget-icon-list\" data-id=\"315fe20\" data-element_type=\"widget\" data-widget_type=\"icon-list.default\">\r\n\t\t\t\t<div class=\"elementor-widget-container\">\r\n\t\t\t\t\t\t\t<ul class=\"elementor-icon-list-items\">\r\n\t\t\t\t\t\t\t<li class=\"elementor-icon-list-item\">\r\n\t\t\t\t\t\t\t\t\t\t\t<a href=\"https:\/\/www.privacylab.it\/informativa.php?12397361151\" target=\"_blank\">\r\n\r\n\t\t\t\t\t\t\t\t\t\t\t\t<span class=\"elementor-icon-list-icon\">\r\n\t\t\t\t\t\t\t<svg aria-hidden=\"true\" class=\"e-font-icon-svg e-far-circle\" viewBox=\"0 0 512 512\" xmlns=\"http:\/\/www.w3.org\/2000\/svg\"><path d=\"M256 8C119 8 8 119 8 256s111 248 248 248 248-111 248-248S393 8 256 8zm0 448c-110.5 0-200-89.5-200-200S145.5 56 256 56s200 89.5 200 200-89.5 200-200 200z\"><\/path><\/svg>\t\t\t\t\t\t<\/span>\r\n\t\t\t\t\t\t\t\t\t\t<span class=\"elementor-icon-list-text\">Datenschutzerkl\u00e4rung f\u00fcr Zulieferer<\/span>\r\n\t\t\t\t\t\t\t\t\t\t\t<\/a>\r\n\t\t\t\t\t\t\t\t\t<\/li>\r\n\t\t\t\t\t\t\t\t<li class=\"elementor-icon-list-item\">\r\n\t\t\t\t\t\t\t\t\t\t\t<a href=\"https:\/\/www.privacylab.it\/informativa.php?12397361154\" target=\"_blank\">\r\n\r\n\t\t\t\t\t\t\t\t\t\t\t\t<span class=\"elementor-icon-list-icon\">\r\n\t\t\t\t\t\t\t<svg aria-hidden=\"true\" class=\"e-font-icon-svg e-far-circle\" viewBox=\"0 0 512 512\" xmlns=\"http:\/\/www.w3.org\/2000\/svg\"><path d=\"M256 8C119 8 8 119 8 256s111 248 248 248 248-111 248-248S393 8 256 8zm0 448c-110.5 0-200-89.5-200-200S145.5 56 256 56s200 89.5 200 200-89.5 200-200 200z\"><\/path><\/svg>\t\t\t\t\t\t<\/span>\r\n\t\t\t\t\t\t\t\t\t\t<span class=\"elementor-icon-list-text\">Datenschutzerkl\u00e4rung f\u00fcr Bewerber, die ggf. f\u00fcr ein Arbeitsverh\u00e4ltnis in Betracht gezogen werden<\/span>\r\n\t\t\t\t\t\t\t\t\t\t\t<\/a>\r\n\t\t\t\t\t\t\t\t\t<\/li>\r\n\t\t\t\t\t\t\t\t<li class=\"elementor-icon-list-item\">\r\n\t\t\t\t\t\t\t\t\t\t\t<a href=\"https:\/\/www.privacylab.it\/IT\/44\/LOGIN-PRIVACYLAB\/?goTo=1&#038;logout=1\" target=\"_blank\">\r\n\r\n\t\t\t\t\t\t\t\t\t\t\t\t<span class=\"elementor-icon-list-icon\">\r\n\t\t\t\t\t\t\t<svg aria-hidden=\"true\" class=\"e-font-icon-svg e-far-circle\" viewBox=\"0 0 512 512\" xmlns=\"http:\/\/www.w3.org\/2000\/svg\"><path d=\"M256 8C119 8 8 119 8 256s111 248 248 248 248-111 248-248S393 8 256 8zm0 448c-110.5 0-200-89.5-200-200S145.5 56 256 56s200 89.5 200 200-89.5 200-200 200z\"><\/path><\/svg>\t\t\t\t\t\t<\/span>\r\n\t\t\t\t\t\t\t\t\t\t<span class=\"elementor-icon-list-text\">Datenschutzerkl\u00e4rung f\u00fcr Kunden<\/span>\r\n\t\t\t\t\t\t\t\t\t\t\t<\/a>\r\n\t\t\t\t\t\t\t\t\t<\/li>\r\n\t\t\t\t\t\t\t\t<li class=\"elementor-icon-list-item\">\r\n\t\t\t\t\t\t\t\t\t\t\t<a href=\"https:\/\/www.privacylab.it\/informativa.php?12397361161\" target=\"_blank\">\r\n\r\n\t\t\t\t\t\t\t\t\t\t\t\t<span class=\"elementor-icon-list-icon\">\r\n\t\t\t\t\t\t\t<svg aria-hidden=\"true\" class=\"e-font-icon-svg e-far-circle\" viewBox=\"0 0 512 512\" xmlns=\"http:\/\/www.w3.org\/2000\/svg\"><path d=\"M256 8C119 8 8 119 8 256s111 248 248 248 248-111 248-248S393 8 256 8zm0 448c-110.5 0-200-89.5-200-200S145.5 56 256 56s200 89.5 200 200-89.5 200-200 200z\"><\/path><\/svg>\t\t\t\t\t\t<\/span>\r\n\t\t\t\t\t\t\t\t\t\t<span class=\"elementor-icon-list-text\">Datenschutzerkl\u00e4rung f\u00fcr Website-Besucher<\/span>\r\n\t\t\t\t\t\t\t\t\t\t\t<\/a>\r\n\t\t\t\t\t\t\t\t\t<\/li>\r\n\t\t\t\t\t\t\t\t<li class=\"elementor-icon-list-item\">\r\n\t\t\t\t\t\t\t\t\t\t\t<a href=\"https:\/\/www.privacylab.it\/IT\/44\/LOGIN-PRIVACYLAB\/?goTo=1&#038;logout=1\" target=\"_blank\">\r\n\r\n\t\t\t\t\t\t\t\t\t\t\t\t<span class=\"elementor-icon-list-icon\">\r\n\t\t\t\t\t\t\t<svg aria-hidden=\"true\" class=\"e-font-icon-svg e-far-circle\" viewBox=\"0 0 512 512\" xmlns=\"http:\/\/www.w3.org\/2000\/svg\"><path d=\"M256 8C119 8 8 119 8 256s111 248 248 248 248-111 248-248S393 8 256 8zm0 448c-110.5 0-200-89.5-200-200S145.5 56 256 56s200 89.5 200 200-89.5 200-200 200z\"><\/path><\/svg>\t\t\t\t\t\t<\/span>\r\n\t\t\t\t\t\t\t\t\t\t<span class=\"elementor-icon-list-text\">Datenschutzerkl\u00e4rung f\u00fcr an Video\u00fcberwachung interessierte Personen<\/span>\r\n\t\t\t\t\t\t\t\t\t\t\t<\/a>\r\n\t\t\t\t\t\t\t\t\t<\/li>\r\n\t\t\t\t\t\t<\/ul>\r\n\t\t\t\t\t\t<\/div>\r\n\t\t\t\t<\/div>\r\n\t\t\t\t<\/div>\r\n\t\t\t\t\t<\/div>\r\n\t\t\t\t<\/div>\r\n\t\t<div class=\"elementor-element elementor-element-8b6fe24 e-flex e-con-boxed e-con e-parent\" data-id=\"8b6fe24\" data-element_type=\"container\">\r\n\t\t\t\t\t<div class=\"e-con-inner\">\r\n\t\t\t\t<div class=\"elementor-element elementor-element-52cdd9a elementor-widget-divider--view-line elementor-widget elementor-widget-divider\" data-id=\"52cdd9a\" data-element_type=\"widget\" data-widget_type=\"divider.default\">\r\n\t\t\t\t<div class=\"elementor-widget-container\">\r\n\t\t\t\t\t\t\t<div class=\"elementor-divider\">\r\n\t\t\t<span class=\"elementor-divider-separator\">\r\n\t\t\t\t\t\t<\/span>\r\n\t\t<\/div>\r\n\t\t\t\t\t\t<\/div>\r\n\t\t\t\t<\/div>\r\n\t\t\t\t\t<\/div>\r\n\t\t\t\t<\/div>\r\n\t\t\t\t<\/div>\r\n\t\t","protected":false},"excerpt":{"rendered":"<p>Datenschutz \/Normen zum Datenschutz Datenschutzerkl\u00e4rung f\u00fcr Zulieferer Datenschutzerkl\u00e4rung f\u00fcr Bewerber, die ggf. f\u00fcr ein Arbeitsverh\u00e4ltnis in Betracht gezogen werden Datenschutzerkl\u00e4rung f\u00fcr Kunden Datenschutzerkl\u00e4rung f\u00fcr Website-Besucher Datenschutzerkl\u00e4rung f\u00fcr an Video\u00fcberwachung interessierte Personen<\/p>\n","protected":false},"author":1,"featured_media":0,"parent":0,"menu_order":0,"comment_status":"closed","ping_status":"closed","template":"","meta":{"_acf_changed":false,"footnotes":""},"class_list":["post-26400","page","type-page","status-publish","hentry"],"acf":[],"yoast_head":"<!-- This site is optimized with the Yoast SEO plugin v27.1.1 - https:\/\/yoast.com\/product\/yoast-seo-wordpress\/ -->\n<title>Datenschutz - Novabell<\/title>\n<meta name=\"robots\" content=\"index, follow, max-snippet:-1, max-image-preview:large, max-video-preview:-1\" \/>\n<link rel=\"canonical\" href=\"https:\/\/www.novabell.it\/de\/datenschutz\/\" \/>\n<meta property=\"og:locale\" content=\"de_DE\" \/>\n<meta property=\"og:type\" content=\"article\" \/>\n<meta property=\"og:title\" content=\"Datenschutz - Novabell\" \/>\n<meta property=\"og:description\" content=\"Datenschutz \/Normen zum Datenschutz Datenschutzerkl\u00e4rung f\u00fcr Zulieferer Datenschutzerkl\u00e4rung f\u00fcr Bewerber, die ggf. f\u00fcr ein Arbeitsverh\u00e4ltnis in Betracht gezogen werden Datenschutzerkl\u00e4rung f\u00fcr Kunden Datenschutzerkl\u00e4rung f\u00fcr Website-Besucher Datenschutzerkl\u00e4rung f\u00fcr an Video\u00fcberwachung interessierte Personen\" \/>\n<meta property=\"og:url\" content=\"https:\/\/www.novabell.it\/de\/datenschutz\/\" \/>\n<meta property=\"og:site_name\" content=\"Novabell\" \/>\n<meta property=\"article:modified_time\" content=\"2025-02-24T09:13:44+00:00\" \/>\n<meta name=\"twitter:card\" content=\"summary_large_image\" \/>\n<script type=\"application\/ld+json\" class=\"yoast-schema-graph\">{\"@context\":\"https:\/\/schema.org\",\"@graph\":[{\"@type\":\"WebPage\",\"@id\":\"https:\/\/www.novabell.it\/de\/datenschutz\/\",\"url\":\"https:\/\/www.novabell.it\/de\/datenschutz\/\",\"name\":\"Datenschutz - Novabell\",\"isPartOf\":{\"@id\":\"https:\/\/www.novabell.it\/de\/#website\"},\"datePublished\":\"2024-11-20T15:54:09+00:00\",\"dateModified\":\"2025-02-24T09:13:44+00:00\",\"breadcrumb\":{\"@id\":\"https:\/\/www.novabell.it\/de\/datenschutz\/#breadcrumb\"},\"inLanguage\":\"de\",\"potentialAction\":[{\"@type\":\"ReadAction\",\"target\":[\"https:\/\/www.novabell.it\/de\/datenschutz\/\"]}]},{\"@type\":\"BreadcrumbList\",\"@id\":\"https:\/\/www.novabell.it\/de\/datenschutz\/#breadcrumb\",\"itemListElement\":[{\"@type\":\"ListItem\",\"position\":1,\"name\":\"Home\",\"item\":\"https:\/\/www.novabell.it\/de\/\"},{\"@type\":\"ListItem\",\"position\":2,\"name\":\"Datenschutz\"}]},{\"@type\":\"WebSite\",\"@id\":\"https:\/\/www.novabell.it\/de\/#website\",\"url\":\"https:\/\/www.novabell.it\/de\/\",\"name\":\"Novabell\",\"description\":\"\",\"potentialAction\":[{\"@type\":\"SearchAction\",\"target\":{\"@type\":\"EntryPoint\",\"urlTemplate\":\"https:\/\/www.novabell.it\/de\/?s={search_term_string}\"},\"query-input\":{\"@type\":\"PropertyValueSpecification\",\"valueRequired\":true,\"valueName\":\"search_term_string\"}}],\"inLanguage\":\"de\"}]}<\/script>\n<!-- \/ Yoast SEO plugin. -->","yoast_head_json":{"title":"Datenschutz - Novabell","robots":{"index":"index","follow":"follow","max-snippet":"max-snippet:-1","max-image-preview":"max-image-preview:large","max-video-preview":"max-video-preview:-1"},"canonical":"https:\/\/www.novabell.it\/de\/datenschutz\/","og_locale":"de_DE","og_type":"article","og_title":"Datenschutz - Novabell","og_description":"Datenschutz \/Normen zum Datenschutz Datenschutzerkl\u00e4rung f\u00fcr Zulieferer Datenschutzerkl\u00e4rung f\u00fcr Bewerber, die ggf. f\u00fcr ein Arbeitsverh\u00e4ltnis in Betracht gezogen werden Datenschutzerkl\u00e4rung f\u00fcr Kunden Datenschutzerkl\u00e4rung f\u00fcr Website-Besucher Datenschutzerkl\u00e4rung f\u00fcr an Video\u00fcberwachung interessierte Personen","og_url":"https:\/\/www.novabell.it\/de\/datenschutz\/","og_site_name":"Novabell","article_modified_time":"2025-02-24T09:13:44+00:00","twitter_card":"summary_large_image","schema":{"@context":"https:\/\/schema.org","@graph":[{"@type":"WebPage","@id":"https:\/\/www.novabell.it\/de\/datenschutz\/","url":"https:\/\/www.novabell.it\/de\/datenschutz\/","name":"Datenschutz - Novabell","isPartOf":{"@id":"https:\/\/www.novabell.it\/de\/#website"},"datePublished":"2024-11-20T15:54:09+00:00","dateModified":"2025-02-24T09:13:44+00:00","breadcrumb":{"@id":"https:\/\/www.novabell.it\/de\/datenschutz\/#breadcrumb"},"inLanguage":"de","potentialAction":[{"@type":"ReadAction","target":["https:\/\/www.novabell.it\/de\/datenschutz\/"]}]},{"@type":"BreadcrumbList","@id":"https:\/\/www.novabell.it\/de\/datenschutz\/#breadcrumb","itemListElement":[{"@type":"ListItem","position":1,"name":"Home","item":"https:\/\/www.novabell.it\/de\/"},{"@type":"ListItem","position":2,"name":"Datenschutz"}]},{"@type":"WebSite","@id":"https:\/\/www.novabell.it\/de\/#website","url":"https:\/\/www.novabell.it\/de\/","name":"Novabell","description":"","potentialAction":[{"@type":"SearchAction","target":{"@type":"EntryPoint","urlTemplate":"https:\/\/www.novabell.it\/de\/?s={search_term_string}"},"query-input":{"@type":"PropertyValueSpecification","valueRequired":true,"valueName":"search_term_string"}}],"inLanguage":"de"}]}},"_links":{"self":[{"href":"https:\/\/www.novabell.it\/de\/wp-json\/wp\/v2\/pages\/26400","targetHints":{"allow":["GET"]}}],"collection":[{"href":"https:\/\/www.novabell.it\/de\/wp-json\/wp\/v2\/pages"}],"about":[{"href":"https:\/\/www.novabell.it\/de\/wp-json\/wp\/v2\/types\/page"}],"author":[{"embeddable":true,"href":"https:\/\/www.novabell.it\/de\/wp-json\/wp\/v2\/users\/1"}],"replies":[{"embeddable":true,"href":"https:\/\/www.novabell.it\/de\/wp-json\/wp\/v2\/comments?post=26400"}],"version-history":[{"count":0,"href":"https:\/\/www.novabell.it\/de\/wp-json\/wp\/v2\/pages\/26400\/revisions"}],"wp:attachment":[{"href":"https:\/\/www.novabell.it\/de\/wp-json\/wp\/v2\/media?parent=26400"}],"curies":[{"name":"wp","href":"https:\/\/api.w.org\/{rel}","templated":true}]}}